{"id":27,"date":"2025-07-21T22:26:36","date_gmt":"2025-07-22T01:26:36","guid":{"rendered":"http:\/\/localhost\/GAC\/?page_id=27"},"modified":"2025-07-30T20:46:41","modified_gmt":"2025-07-30T23:46:41","slug":"home","status":"publish","type":"page","link":"https:\/\/geraldoaltacostura.com.br\/","title":{"rendered":"Home"},"content":{"rendered":" \n<div data-block=\"gutenkit\/container\" data-post-id=\"27\" id=\"block-62ff1b91-154a-45e2-b8f4-b7dab0525ef3\" class=\"wp-block-gutenkit-container gkit-block-custom-wide gkit525ef3 gutenkit-block\"><div class=\"gkit-block__inner\">\n<h2 class=\"wp-block-heading has-text-align-center\"><strong>H\u00e1 mais de 50 anos, unindo tradi\u00e7\u00e3o e modernidade.<\/strong><\/h2>\n\n\n \n<div data-block=\"gutenkit\/advanced-paragraph\" data-post-id=\"27\" id=\"block-79569ccb-1352-4278-97ff-9a9d1f3993db\" class=\"wp-block-gutenkit-advanced-paragraph gkit3993db gutenkit-block\"><div class=\"gkit-adv-paragraph\"><p identifier=\"content\" class=\"gkit-adv-paragraph-text\">Somos uma marca feita para acompanhar o ritmo vers\u00e1til e din\u00e2mico do homem contempor\u00e2neo. Nossos produtos s\u00e3o desenvolvidos com foco em conforto, praticidade e estilo, sem abrir m\u00e3o da sofistica\u00e7\u00e3o e eleg\u00e2ncia. Acreditamos em uma moda democr\u00e1tica, livre de r\u00f3tulos e estere\u00f3tipos. Porque sua imagem expressa quem voc\u00ea \u00e9.<br><\/p><\/div><\/div>\n \n\n\n<h4 class=\"wp-block-heading has-text-align-center\"><strong>Do escrit\u00f3rio ao happy hour, com muito estilo e personalidade!<\/strong><\/h4>\n<\/div><\/div>\n \n\n \n<div data-block=\"gutenkit\/container\" data-post-id=\"27\" id=\"block-4ee680de-1d76-4469-9e76-7b93b1ae47ce\" class=\"wp-block-gutenkit-container alignfull gkitae47ce gutenkit-block\"><div class=\"gkit-block__inner\"> \n<div data-block=\"gutenkit\/container\" data-post-id=\"27\" id=\"block-84c65aab-7594-4bb6-94bf-ad78b93f7cae\" class=\"wp-block-gutenkit-container gkit-block-custom-wide gkit3f7cae gutenkit-block\"><div class=\"gkit-block__inner\">\n<div class=\"wp-block-group has-global-padding is-layout-constrained wp-block-group-is-layout-constrained\"> \n<div data-block=\"gutenkit\/container\" data-post-id=\"27\" id=\"block-a26aa415-6e26-4952-a0f6-76afd40c898f\" class=\"wp-block-gutenkit-container alignfull gkit0c898f gutenkit-block\"><div class=\"gkit-block__inner\">\n<h2 class=\"wp-block-heading has-white-color has-text-color has-link-color wp-elements-87a02148c7bfb268b2966bbea820cfcb\">Confec\u00e7\u00f5es sob medida<\/h2>\n\n\n\n<p class=\"has-text-align-center has-white-color has-text-color has-link-color wp-elements-cf35cdfb9580b215b1a7b5b3d9511205\">Alta moda masculina, confeccionada artesanalmente, em modelos exclusivos e personalizados, oferecendo os mais diversos estilos e para todas as ocasi\u00f5es, do casual fino ao traje \u00e0 rigor.<\/p>\n\n\n\n<div style=\"height:20px\" aria-hidden=\"true\" class=\"wp-block-spacer\"><\/div>\n\n\n \n<div data-block=\"gutenkit\/button\" data-post-id=\"27\" id=\"block-f3254159-78c6-4af7-b625-4a6dfd050d1a\" class=\"wp-block-gutenkit-button gkit050d1a gutenkit-block\"><div class=\"gkit-btn-wraper\"><a class=\"gkit-btn\" href=\"https:\/\/geraldoaltacostura.com.br\/index.php\/produtos\/\">Conhe\u00e7a nossos produtos<\/a><\/div><\/div>\n \n\n \n<div data-block=\"gutenkit\/button\" data-post-id=\"27\" id=\"block-e4841b16-6277-4f7a-a9c8-6e7140b31742\" class=\"wp-block-gutenkit-button gkitb31742 gutenkit-block\"><div class=\"gkit-btn-wraper\"><a class=\"gkit-btn\" href=\"https:\/\/geraldoaltacostura.com.br\/index.php\/produtos\/\">Conhe\u00e7a <\/a><\/div><\/div>\n <\/div><\/div>\n <\/div>\n<\/div><\/div>\n \n\n \n<div data-block=\"gutenkit\/container\" data-post-id=\"27\" id=\"block-c742ee90-1539-4717-b0be-10e6ec06033f\" class=\"wp-block-gutenkit-container gkit-block-custom-wide gkit06033f gutenkit-block\"><div class=\"gkit-block__inner\"> \n<div data-block=\"gutenkit\/image-accordion\" data-post-id=\"27\" id=\"block-5bc45176-386f-49ca-853a-2b13d54374a7\" class=\"wp-block-gutenkit-image-accordion gkit4374a7 gutenkit-block\"><div class=\"gkit-image-accordion\" data-style=\"horizontal\"><div class=\"gkit-image-accordion-item gkit-image-accordion-item--active\" style=\"background-image:url(https:\/\/geraldoaltacostura.com.br\/wp-content\/uploads\/2025\/07\/casual.png)\" data-link=\"false\" data-event=\"click\" data-active=\"true\"><span class=\"gkit-image-accordion-item-content\"><span class=\"gkit-image-accordion-item-content__title\">Business Casual<\/span><\/span><\/div><div class=\"gkit-image-accordion-item\" style=\"background-image:url(https:\/\/geraldoaltacostura.com.br\/wp-content\/uploads\/2025\/07\/executivo2.png)\" data-link=\"false\" data-event=\"click\" data-active=\"false\"><span class=\"gkit-image-accordion-item-content\"><span class=\"gkit-image-accordion-item-content__title\"> Social executivo<\/span><\/span><\/div><div class=\"gkit-image-accordion-item\" style=\"background-image:url(https:\/\/geraldoaltacostura.com.br\/wp-content\/uploads\/2025\/07\/casamento2.png)\" data-link=\"false\" data-event=\"click\" data-active=\"false\"><span class=\"gkit-image-accordion-item-content\"><span class=\"gkit-image-accordion-item-content__title\">Noivo cl\u00e1ssico<\/span><\/span><\/div><div class=\"gkit-image-accordion-item\" style=\"background-image:url(https:\/\/geraldoaltacostura.com.br\/wp-content\/uploads\/2025\/07\/blacktie2.png)\" data-link=\"&quot;&quot;\" data-event=\"click\" data-active=\"\"><span class=\"gkit-image-accordion-item-content\"><span class=\"gkit-image-accordion-item-content__title\">Black-Tie \u00e0 rigor<\/span><\/span><\/div><\/div><\/div>\n <\/div><\/div>\n <\/div><\/div>\n \n\n \n<div data-block=\"gutenkit\/container\" data-post-id=\"27\" id=\"block-79d5308a-6fc3-4220-8a37-2558f88ef9e5\" class=\"wp-block-gutenkit-container alignfull gkit8ef9e5 gutenkit-block\"><div class=\"gkit-block__inner\"> \n<div data-block=\"gutenkit\/container\" data-post-id=\"27\" id=\"block-2037ebb1-02fd-4aef-8f38-3fb3d66e1734\" class=\"wp-block-gutenkit-container gkit-block-custom-wide gkit6e1734 gutenkit-block\"><div class=\"gkit-block__inner\"> \n<div data-block=\"gutenkit\/advanced-image\" data-post-id=\"27\" id=\"block-57138645-db28-4312-97b2-bc04ee683e31\" class=\"wp-block-gutenkit-advanced-image gkit683e31 gutenkit-block\"><img decoding=\"async\" width=\"700\" height=\"700\" loading=\"lazy\" src=\"https:\/\/geraldoaltacostura.com.br\/wp-content\/uploads\/2025\/07\/gravatas_banner_home_gac-1.png\" class=\"wp-image-708 gkit-image\" alt=\"\" srcset=\"https:\/\/geraldoaltacostura.com.br\/wp-content\/uploads\/2025\/07\/gravatas_banner_home_gac-1.png 700w, https:\/\/geraldoaltacostura.com.br\/wp-content\/uploads\/2025\/07\/gravatas_banner_home_gac-1-300x300.png 300w, https:\/\/geraldoaltacostura.com.br\/wp-content\/uploads\/2025\/07\/gravatas_banner_home_gac-1-150x150.png 150w\" sizes=\"auto, (max-width: 700px) 100vw, 700px\" \/><\/div>\n <\/div><\/div>\n \n\n \n<div data-block=\"gutenkit\/container\" data-post-id=\"27\" id=\"block-64cb746d-31c0-4d7a-a67b-059150f1f87c\" class=\"wp-block-gutenkit-container gkit-block-custom-wide gkitf1f87c gutenkit-block\"><div class=\"gkit-block__inner\"> \n<div data-block=\"gutenkit\/container\" data-post-id=\"27\" id=\"block-49459e0f-7345-4ae0-b625-b5afd335920b\" class=\"wp-block-gutenkit-container alignfull gkit35920b gutenkit-block\"><div class=\"gkit-block__inner\">\n<h2 class=\"wp-block-heading has-text-align-center\">Acess\u00f3rios finos de marca exclusiva<\/h2>\n\n\n\n<p class=\"has-text-align-center\">Camisas, gravatas, cintos, abotoaduras, len\u00e7os, suspens\u00f3rios e muito mais. Acess\u00f3rios com a marca exclusiva Geraldo Alta Costura, de alt\u00edssima qualidade, em modelos exclusivos, com muita sofistica\u00e7\u00e3o e qualidade, para uso pessoal e para presentear.<\/p>\n\n\n \n<div data-block=\"gutenkit\/button\" data-post-id=\"27\" id=\"block-90d6a5ba-f977-4618-8a91-6024db4315fa\" class=\"wp-block-gutenkit-button gkit4315fa gutenkit-block\"><div class=\"gkit-btn-wraper\"><a class=\"gkit-btn\" href=\"https:\/\/geraldoaltacostura.com.br\/index.php\/acessorios\/\">Conhe\u00e7a nossos acess\u00f3rios<\/a><\/div><\/div>\n \n\n \n<div data-block=\"gutenkit\/button\" data-post-id=\"27\" id=\"block-d678177d-4d3e-4522-98f7-7654bc2d4ea3\" class=\"wp-block-gutenkit-button gkit2d4ea3 gutenkit-block\"><div class=\"gkit-btn-wraper\"><a class=\"gkit-btn\" href=\"https:\/\/geraldoaltacostura.com.br\/index.php\/acessorios\/\">Conhe\u00e7a<\/a><\/div><\/div>\n <\/div><\/div>\n <\/div><\/div>\n <\/div><\/div>\n \n\n \n<div data-block=\"gutenkit\/container\" data-post-id=\"27\" id=\"block-0bdeef8e-0684-4bb6-901d-579a092abb76\" class=\"wp-block-gutenkit-container alignfull gkit2abb76 gutenkit-block\"><div class=\"gkit-block__inner\"> \n<div data-block=\"gutenkit\/container\" data-post-id=\"27\" id=\"block-ce02122c-7d8f-4314-b9e0-fea4d6ffd9ba\" class=\"wp-block-gutenkit-container gkit-block-custom-wide gkitffd9ba gutenkit-block\"><div class=\"gkit-block__inner\">\n<h2 class=\"wp-block-heading has-text-align-center has-white-color has-text-color has-link-color wp-elements-5335047693f52f22bc95c723d8e0288e\">Uma loja antenada \u00e0s tend\u00eancias do mundo masculino<\/h2>\n\n\n\n<p class=\"has-text-align-center has-white-color has-text-color has-link-color wp-elements-c209e83418045a3c97bc47236aa6bd6c\">O Ateli\u00ea mant\u00e9m o estilo da alfaiataria cl\u00e1ssica, com grande&nbsp;variedade de tecidos nacionais e importados, modelos e moldes&nbsp;exclusivos, personalizados para cada cliente,&nbsp;al\u00e9m de acess\u00f3rios com marca pr\u00f3pria, que completam o visual do&nbsp;homem moderno, fino e sofisticado. <\/p>\n\n\n \n<div data-block=\"gutenkit\/button\" data-post-id=\"27\" id=\"block-02b9937e-0d38-4d8d-b1d6-8012802948f5\" class=\"wp-block-gutenkit-button gkit2948f5 gutenkit-block\"><div class=\"gkit-btn-wraper\"><a class=\"gkit-btn\" href=\"https:\/\/geraldoaltacostura.com.br\/index.php\/sobre\/\">Conhe\u00e7a nossa loja<\/a><\/div><\/div>\n \n\n \n<div data-block=\"gutenkit\/button\" data-post-id=\"27\" id=\"block-1c69f684-9169-4f23-a5ed-75cccf5ac367\" class=\"wp-block-gutenkit-button gkit5ac367 gutenkit-block\"><div class=\"gkit-btn-wraper\"><a class=\"gkit-btn\" href=\"https:\/\/geraldoaltacostura.com.br\/index.php\/sobre\/\">Visite<\/a><\/div><\/div>\n <\/div><\/div>\n \n\n \n<div data-block=\"gutenkit\/container\" data-post-id=\"27\" id=\"block-192cebd0-1ea4-47cb-bf95-3c530ae021cc\" class=\"wp-block-gutenkit-container gkit-block-custom-wide gkite021cc gutenkit-block\"><div class=\"gkit-block__inner\"> \n<div data-block=\"gutenkit\/advanced-image\" data-post-id=\"27\" id=\"block-31094ad1-78cf-4a15-86ab-2b56e23e800f\" class=\"wp-block-gutenkit-advanced-image gkit3e800f gutenkit-block\"><img decoding=\"async\" width=\"757\" height=\"400\" loading=\"lazy\" src=\"https:\/\/geraldoaltacostura.com.br\/wp-content\/uploads\/2025\/07\/loja2.png\" class=\"wp-image-77 gkit-image\" alt=\"\" srcset=\"https:\/\/geraldoaltacostura.com.br\/wp-content\/uploads\/2025\/07\/loja2.png 757w, https:\/\/geraldoaltacostura.com.br\/wp-content\/uploads\/2025\/07\/loja2-300x159.png 300w\" sizes=\"auto, (max-width: 757px) 100vw, 757px\" \/><\/div>\n <\/div><\/div>\n <\/div><\/div>\n \n\n \n<div data-block=\"gutenkit\/container\" data-post-id=\"27\" id=\"block-d9282d1a-6782-4cda-95fa-59c4395d68df\" class=\"wp-block-gutenkit-container alignfull gkit5d68df gutenkit-block\"><div class=\"gkit-block__inner\"> \n<div data-block=\"gutenkit\/container\" data-post-id=\"27\" id=\"block-7631d965-5496-4f75-8c4a-5d68ce28e110\" class=\"wp-block-gutenkit-container gkit-block-custom-wide gkit28e110 gutenkit-block\"><div class=\"gkit-block__inner\"> \n<div data-block=\"gutenkit\/container\" data-post-id=\"27\" id=\"block-d8fe894c-135e-478c-9429-527dfafe9cc8\" class=\"wp-block-gutenkit-container alignfull gkitfe9cc8 gutenkit-block\"><div class=\"gkit-block__inner\"> \n<div data-block=\"gutenkit\/advanced-image\" data-post-id=\"27\" id=\"block-bc61dc9c-16e4-4fcd-9549-aeef49501255\" class=\"wp-block-gutenkit-advanced-image gkit501255 gutenkit-block\"><img decoding=\"async\" width=\"600\" height=\"450\" loading=\"lazy\" src=\"https:\/\/geraldoaltacostura.com.br\/wp-content\/uploads\/2025\/07\/geraldo.jpeg\" class=\"wp-image-64 gkit-image\" alt=\"\" srcset=\"https:\/\/geraldoaltacostura.com.br\/wp-content\/uploads\/2025\/07\/geraldo.jpeg 600w, https:\/\/geraldoaltacostura.com.br\/wp-content\/uploads\/2025\/07\/geraldo-300x225.jpeg 300w\" sizes=\"auto, (max-width: 600px) 100vw, 600px\" \/><\/div>\n <\/div><\/div>\n <\/div><\/div>\n \n\n \n<div data-block=\"gutenkit\/container\" data-post-id=\"27\" id=\"block-13b71c97-49ee-4862-be4e-e7038267e322\" class=\"wp-block-gutenkit-container gkit-block-custom-wide gkit67e322 gutenkit-block\"><div class=\"gkit-block__inner\">\n<h2 class=\"wp-block-heading has-text-align-center\">Atendimento personalizado<\/h2>\n\n\n\n<p class=\"has-text-align-center\">Mais de 50 anos de experi\u00eancia em vestir homens com eleg\u00e2ncia e sofistica\u00e7\u00e3o \u00e0 sua disposi\u00e7\u00e3o, para te auxiliar na escolha de texturas, cores, modelos, acess\u00f3rios que melhor expressem e realcem o seu estilo pessoal. Aqui voc\u00ea \u00e9 atendido pessoalmente, por um alfaiate profisisonal e experiente, que ir\u00e1 te acompanhar desde a escolha de sua roupa, at\u00e9 a prova final, com foco em sua total satisfa\u00e7\u00e3o.<\/p>\n\n\n \n<div data-block=\"gutenkit\/button\" data-post-id=\"27\" id=\"block-68e5cc02-e018-41d3-a1b3-5a8bc43638e9\" class=\"wp-block-gutenkit-button gkit3638e9 gutenkit-block\"><div class=\"gkit-btn-wraper\"><a class=\"gkit-btn\" href=\"https:\/\/geraldoaltacostura.com.br\/index.php\/servicos\/\">Conhe\u00e7a nossos servi\u00e7os<\/a><\/div><\/div>\n \n\n \n<div data-block=\"gutenkit\/button\" data-post-id=\"27\" id=\"block-1f341c9b-2c3d-40ff-a8ad-578fb1bac2c0\" class=\"wp-block-gutenkit-button gkitbac2c0 gutenkit-block\"><div class=\"gkit-btn-wraper\"><a class=\"gkit-btn\" href=\"https:\/\/geraldoaltacostura.com.br\/index.php\/servicos\/\">Veja<\/a><\/div><\/div>\n <\/div><\/div>\n <\/div><\/div>\n ","protected":false},"excerpt":{"rendered":"","protected":false},"author":1,"featured_media":0,"parent":0,"menu_order":0,"comment_status":"closed","ping_status":"closed","template":"","meta":{"_uag_custom_page_level_css":"","postBodyCss":"","postBodyMargin":[],"postBodyPadding":[],"postBodyBackground":{"backgroundType":"classic","gradient":""},"footnotes":""},"class_list":["post-27","page","type-page","status-publish","hentry"],"aioseo_notices":[],"uagb_featured_image_src":{"full":false,"thumbnail":false,"medium":false,"medium_large":false,"large":false,"1536x1536":false,"2048x2048":false},"uagb_author_info":{"display_name":"baygon","author_link":"https:\/\/geraldoaltacostura.com.br\/index.php\/author\/baygon\/"},"uagb_comment_info":0,"uagb_excerpt":null,"_links":{"self":[{"href":"https:\/\/geraldoaltacostura.com.br\/index.php\/wp-json\/wp\/v2\/pages\/27","targetHints":{"allow":["GET"]}}],"collection":[{"href":"https:\/\/geraldoaltacostura.com.br\/index.php\/wp-json\/wp\/v2\/pages"}],"about":[{"href":"https:\/\/geraldoaltacostura.com.br\/index.php\/wp-json\/wp\/v2\/types\/page"}],"author":[{"embeddable":true,"href":"https:\/\/geraldoaltacostura.com.br\/index.php\/wp-json\/wp\/v2\/users\/1"}],"replies":[{"embeddable":true,"href":"https:\/\/geraldoaltacostura.com.br\/index.php\/wp-json\/wp\/v2\/comments?post=27"}],"version-history":[{"count":62,"href":"https:\/\/geraldoaltacostura.com.br\/index.php\/wp-json\/wp\/v2\/pages\/27\/revisions"}],"predecessor-version":[{"id":710,"href":"https:\/\/geraldoaltacostura.com.br\/index.php\/wp-json\/wp\/v2\/pages\/27\/revisions\/710"}],"wp:attachment":[{"href":"https:\/\/geraldoaltacostura.com.br\/index.php\/wp-json\/wp\/v2\/media?parent=27"}],"curies":[{"name":"wp","href":"https:\/\/api.w.org\/{rel}","templated":true}]}}